{"id":56,"date":"2022-12-08T01:33:15","date_gmt":"2022-12-08T01:33:15","guid":{"rendered":"https:\/\/www.panver.mx\/web\/?page_id=56"},"modified":"2024-12-03T18:57:20","modified_gmt":"2024-12-04T00:57:20","slug":"investigaciones-especificas","status":"publish","type":"page","link":"https:\/\/www.panver.mx\/web\/vida-interna\/investigaciones-especificas\/","title":{"rendered":"Investigaciones Espec\u00edficas"},"content":{"rendered":"\n<p><\/p>\n\n\n\n<ul class=\"wp-block-list\">\n<li><a href=\"https:\/\/panver.com.mx\/pdfs\/Investigacion-AnalisisdelaEvaluaciondelEmpleoInformal-.pdf\">An\u00e1lisis de la Evoluci\u00f3n del Empleo Informal: Un problema socioecon\u00f3mico y pol\u00edtico de Veracruz<\/a> &#8211; 13\/12\/2022<\/li>\n\n\n\n<li><a href=\"https:\/\/panver.com.mx\/pdfs\/Resultadosfinalesdelempleoinformal.pdf\">Resultados finales&nbsp;empleo&nbsp;informal<\/a> &#8211; 12\/12\/2022<\/li>\n\n\n\n<li><a href=\"https:\/\/panver.com.mx\/pdfs\/ResultadodelempleoinformalenelEstadodeVeracruz.pdf\">Resultado del empleo informal en el Estado de Veracruz<\/a> &#8211; 31\/10\/2022<\/li>\n\n\n\n<li><a href=\"https:\/\/panver.com.mx\/pdfs\/Metodologiayestudiodecasosempleoinformal.pdf\">Metodolog\u00eda y estudio de casos empleo informal<\/a> &#8211; 01\/09\/2022<\/li>\n\n\n\n<li><a href=\"https:\/\/panver.com.mx\/pdfs\/Marcoteoricoempleoinformal.pdf\">Marco te\u00f3rico empleo informal<\/a> &#8211; 30\/06\/2022<\/li>\n\n\n\n<li><a href=\"https:\/\/panver.com.mx\/pdfs\/EvidenciaProtocolodeInvestigaci\u00f3n.pdf\">Evidencia Protocolo de Investigaci\u00f3n<\/a> &#8211; 29\/04\/2022<\/li>\n\n\n\n<li><a href=\"https:\/\/panver.com.mx\/pdfs\/Normativadelproyectoempleoinformal.pdf\">Normativa del proyecto empleo informal<\/a> &#8211; 01\/03\/2022<\/li>\n<\/ul>\n\n\n\n<p>Ejercicio 2023.<\/p>\n\n\n\n<ul class=\"wp-block-list\">\n<li><a href=\"https:\/\/www.panver.mx\/web\/wp-content\/uploads\/2024\/12\/Politica-exterior.docx\">Pol\u00edtica Exterior<\/a> &#8211; 31\/03\/2023<\/li>\n\n\n\n<li><a href=\"https:\/\/www.panver.mx\/web\/wp-content\/uploads\/2024\/12\/Unidad-con-Xochitl.docx\">Unidad con X\u00f3chitl<\/a> &#8211; 22\/06\/2023<\/li>\n\n\n\n<li><a href=\"https:\/\/www.panver.mx\/web\/wp-content\/uploads\/2024\/12\/semestral-Frente-Amplio-Opositor-31-de-marzo-2023.docx\">Frente Amplio Opositor<\/a> &#8211; 29\/06\/2023<\/li>\n\n\n\n<li><a href=\"https:\/\/www.panver.mx\/web\/wp-content\/uploads\/2024\/12\/Que-es-una-plataforma-electoral-18-de-diciembre-del-2023.docx\">\u00bfQu\u00e9 es una plataforma electoral?<\/a> &#8211; 29\/09\/2023<\/li>\n\n\n\n<li><a href=\"https:\/\/www.panver.mx\/web\/wp-content\/uploads\/2024\/12\/Semestral-85-anos-PAN-29-de-junio-de-2023.docx\">85 a\u00f1os PAN<\/a> &#8211; 18\/12\/2023<\/li>\n\n\n\n<li><a href=\"https:\/\/www.panver.mx\/web\/wp-content\/uploads\/2024\/12\/Fuerza-y-Corazon-por-Veracruz.docx\">Fuerza y Coraz\u00f3n por Veracruz<\/a> &#8211; 22\/12\/2023<\/li>\n<\/ul>\n\n\n\n<p><\/p>\n","protected":false},"excerpt":{"rendered":"<p>Ejercicio 2023.<\/p>\n","protected":false},"author":1,"featured_media":0,"parent":52,"menu_order":0,"comment_status":"closed","ping_status":"closed","template":"","meta":{"footnotes":""},"class_list":["post-56","page","type-page","status-publish","hentry"],"yoast_head":"<!-- This site is optimized with the Yoast SEO plugin v26.5 - https:\/\/yoast.com\/wordpress\/plugins\/seo\/ -->\n<title>Investigaciones Espec\u00edficas - PAN Veracruz<\/title>\n<meta name=\"robots\" content=\"index, follow, max-snippet:-1, max-image-preview:large, max-video-preview:-1\" \/>\n<link rel=\"canonical\" href=\"https:\/\/www.panver.mx\/web\/vida-interna\/investigaciones-especificas\/\" \/>\n<meta property=\"og:locale\" content=\"es_MX\" \/>\n<meta property=\"og:type\" content=\"article\" \/>\n<meta property=\"og:title\" content=\"Investigaciones Espec\u00edficas - PAN Veracruz\" \/>\n<meta property=\"og:description\" content=\"Ejercicio 2023.\" \/>\n<meta property=\"og:url\" content=\"https:\/\/www.panver.mx\/web\/vida-interna\/investigaciones-especificas\/\" \/>\n<meta property=\"og:site_name\" content=\"PAN Veracruz\" \/>\n<meta property=\"article:modified_time\" content=\"2024-12-04T00:57:20+00:00\" \/>\n<meta name=\"twitter:card\" content=\"summary_large_image\" \/>\n<script type=\"application\/ld+json\" class=\"yoast-schema-graph\">{\"@context\":\"https:\/\/schema.org\",\"@graph\":[{\"@type\":\"WebPage\",\"@id\":\"https:\/\/www.panver.mx\/web\/vida-interna\/investigaciones-especificas\/\",\"url\":\"https:\/\/www.panver.mx\/web\/vida-interna\/investigaciones-especificas\/\",\"name\":\"Investigaciones Espec\u00edficas - PAN Veracruz\",\"isPartOf\":{\"@id\":\"https:\/\/www.panver.mx\/web\/#website\"},\"datePublished\":\"2022-12-08T01:33:15+00:00\",\"dateModified\":\"2024-12-04T00:57:20+00:00\",\"breadcrumb\":{\"@id\":\"https:\/\/www.panver.mx\/web\/vida-interna\/investigaciones-especificas\/#breadcrumb\"},\"inLanguage\":\"es\",\"potentialAction\":[{\"@type\":\"ReadAction\",\"target\":[\"https:\/\/www.panver.mx\/web\/vida-interna\/investigaciones-especificas\/\"]}]},{\"@type\":\"BreadcrumbList\",\"@id\":\"https:\/\/www.panver.mx\/web\/vida-interna\/investigaciones-especificas\/#breadcrumb\",\"itemListElement\":[{\"@type\":\"ListItem\",\"position\":1,\"name\":\"Inicio\",\"item\":\"https:\/\/www.panver.mx\/web\/\"},{\"@type\":\"ListItem\",\"position\":2,\"name\":\"Vida Interna\",\"item\":\"https:\/\/www.panver.mx\/web\/vida-interna\/\"},{\"@type\":\"ListItem\",\"position\":3,\"name\":\"Investigaciones Espec\u00edficas\"}]},{\"@type\":\"WebSite\",\"@id\":\"https:\/\/www.panver.mx\/web\/#website\",\"url\":\"https:\/\/www.panver.mx\/web\/\",\"name\":\"PAN Veracruz\",\"description\":\"Sitio del Comit\u00e9 Directivo Estatal del Partido Acci\u00f3n Nacional en Veracruz\",\"publisher\":{\"@id\":\"https:\/\/www.panver.mx\/web\/#organization\"},\"potentialAction\":[{\"@type\":\"SearchAction\",\"target\":{\"@type\":\"EntryPoint\",\"urlTemplate\":\"https:\/\/www.panver.mx\/web\/?s={search_term_string}\"},\"query-input\":{\"@type\":\"PropertyValueSpecification\",\"valueRequired\":true,\"valueName\":\"search_term_string\"}}],\"inLanguage\":\"es\"},{\"@type\":\"Organization\",\"@id\":\"https:\/\/www.panver.mx\/web\/#organization\",\"name\":\"PAN Veracruz\",\"url\":\"https:\/\/www.panver.mx\/web\/\",\"logo\":{\"@type\":\"ImageObject\",\"inLanguage\":\"es\",\"@id\":\"https:\/\/www.panver.mx\/web\/#\/schema\/logo\/image\/\",\"url\":\"https:\/\/www.panver.mx\/web\/wp-content\/uploads\/2022\/12\/logocabecera.png\",\"contentUrl\":\"https:\/\/www.panver.mx\/web\/wp-content\/uploads\/2022\/12\/logocabecera.png\",\"width\":409,\"height\":200,\"caption\":\"PAN Veracruz\"},\"image\":{\"@id\":\"https:\/\/www.panver.mx\/web\/#\/schema\/logo\/image\/\"}}]}<\/script>\n<!-- \/ Yoast SEO plugin. -->","yoast_head_json":{"title":"Investigaciones Espec\u00edficas - PAN Veracruz","robots":{"index":"index","follow":"follow","max-snippet":"max-snippet:-1","max-image-preview":"max-image-preview:large","max-video-preview":"max-video-preview:-1"},"canonical":"https:\/\/www.panver.mx\/web\/vida-interna\/investigaciones-especificas\/","og_locale":"es_MX","og_type":"article","og_title":"Investigaciones Espec\u00edficas - PAN Veracruz","og_description":"Ejercicio 2023.","og_url":"https:\/\/www.panver.mx\/web\/vida-interna\/investigaciones-especificas\/","og_site_name":"PAN Veracruz","article_modified_time":"2024-12-04T00:57:20+00:00","twitter_card":"summary_large_image","schema":{"@context":"https:\/\/schema.org","@graph":[{"@type":"WebPage","@id":"https:\/\/www.panver.mx\/web\/vida-interna\/investigaciones-especificas\/","url":"https:\/\/www.panver.mx\/web\/vida-interna\/investigaciones-especificas\/","name":"Investigaciones Espec\u00edficas - PAN Veracruz","isPartOf":{"@id":"https:\/\/www.panver.mx\/web\/#website"},"datePublished":"2022-12-08T01:33:15+00:00","dateModified":"2024-12-04T00:57:20+00:00","breadcrumb":{"@id":"https:\/\/www.panver.mx\/web\/vida-interna\/investigaciones-especificas\/#breadcrumb"},"inLanguage":"es","potentialAction":[{"@type":"ReadAction","target":["https:\/\/www.panver.mx\/web\/vida-interna\/investigaciones-especificas\/"]}]},{"@type":"BreadcrumbList","@id":"https:\/\/www.panver.mx\/web\/vida-interna\/investigaciones-especificas\/#breadcrumb","itemListElement":[{"@type":"ListItem","position":1,"name":"Inicio","item":"https:\/\/www.panver.mx\/web\/"},{"@type":"ListItem","position":2,"name":"Vida Interna","item":"https:\/\/www.panver.mx\/web\/vida-interna\/"},{"@type":"ListItem","position":3,"name":"Investigaciones Espec\u00edficas"}]},{"@type":"WebSite","@id":"https:\/\/www.panver.mx\/web\/#website","url":"https:\/\/www.panver.mx\/web\/","name":"PAN Veracruz","description":"Sitio del Comit\u00e9 Directivo Estatal del Partido Acci\u00f3n Nacional en Veracruz","publisher":{"@id":"https:\/\/www.panver.mx\/web\/#organization"},"potentialAction":[{"@type":"SearchAction","target":{"@type":"EntryPoint","urlTemplate":"https:\/\/www.panver.mx\/web\/?s={search_term_string}"},"query-input":{"@type":"PropertyValueSpecification","valueRequired":true,"valueName":"search_term_string"}}],"inLanguage":"es"},{"@type":"Organization","@id":"https:\/\/www.panver.mx\/web\/#organization","name":"PAN Veracruz","url":"https:\/\/www.panver.mx\/web\/","logo":{"@type":"ImageObject","inLanguage":"es","@id":"https:\/\/www.panver.mx\/web\/#\/schema\/logo\/image\/","url":"https:\/\/www.panver.mx\/web\/wp-content\/uploads\/2022\/12\/logocabecera.png","contentUrl":"https:\/\/www.panver.mx\/web\/wp-content\/uploads\/2022\/12\/logocabecera.png","width":409,"height":200,"caption":"PAN Veracruz"},"image":{"@id":"https:\/\/www.panver.mx\/web\/#\/schema\/logo\/image\/"}}]}},"_links":{"self":[{"href":"https:\/\/www.panver.mx\/web\/wp-json\/wp\/v2\/pages\/56","targetHints":{"allow":["GET"]}}],"collection":[{"href":"https:\/\/www.panver.mx\/web\/wp-json\/wp\/v2\/pages"}],"about":[{"href":"https:\/\/www.panver.mx\/web\/wp-json\/wp\/v2\/types\/page"}],"author":[{"embeddable":true,"href":"https:\/\/www.panver.mx\/web\/wp-json\/wp\/v2\/users\/1"}],"replies":[{"embeddable":true,"href":"https:\/\/www.panver.mx\/web\/wp-json\/wp\/v2\/comments?post=56"}],"version-history":[{"count":11,"href":"https:\/\/www.panver.mx\/web\/wp-json\/wp\/v2\/pages\/56\/revisions"}],"predecessor-version":[{"id":1361,"href":"https:\/\/www.panver.mx\/web\/wp-json\/wp\/v2\/pages\/56\/revisions\/1361"}],"up":[{"embeddable":true,"href":"https:\/\/www.panver.mx\/web\/wp-json\/wp\/v2\/pages\/52"}],"wp:attachment":[{"href":"https:\/\/www.panver.mx\/web\/wp-json\/wp\/v2\/media?parent=56"}],"curies":[{"name":"wp","href":"https:\/\/api.w.org\/{rel}","templated":true}]}}