{"id":1051,"date":"2024-10-14T14:59:54","date_gmt":"2024-10-14T19:59:54","guid":{"rendered":"https:\/\/www.panver.mx\/web\/?page_id=1051"},"modified":"2024-10-14T18:42:11","modified_gmt":"2024-10-14T23:42:11","slug":"ejercicio-2024","status":"publish","type":"page","link":"https:\/\/www.panver.mx\/web\/transparencia-estatal\/obligaciones-de-transparencia\/ejercicio-2024\/","title":{"rendered":"Ejercicio 2024"},"content":{"rendered":"\n<figure class=\"wp-block-image alignfull size-large\"><img loading=\"lazy\" decoding=\"async\" width=\"1024\" height=\"207\" src=\"https:\/\/www.panver.mx\/web\/wp-content\/uploads\/2024\/10\/Imagen-de-WhatsApp-2024-10-14-a-las-17.37.48_7b09c48a-1-1024x207.jpg\" alt=\"\" class=\"wp-image-1076\" srcset=\"https:\/\/www.panver.mx\/web\/wp-content\/uploads\/2024\/10\/Imagen-de-WhatsApp-2024-10-14-a-las-17.37.48_7b09c48a-1-1024x207.jpg 1024w, https:\/\/www.panver.mx\/web\/wp-content\/uploads\/2024\/10\/Imagen-de-WhatsApp-2024-10-14-a-las-17.37.48_7b09c48a-1-300x61.jpg 300w, https:\/\/www.panver.mx\/web\/wp-content\/uploads\/2024\/10\/Imagen-de-WhatsApp-2024-10-14-a-las-17.37.48_7b09c48a-1-768x155.jpg 768w, https:\/\/www.panver.mx\/web\/wp-content\/uploads\/2024\/10\/Imagen-de-WhatsApp-2024-10-14-a-las-17.37.48_7b09c48a-1.jpg 1280w\" sizes=\"auto, (max-width: 1024px) 100vw, 1024px\" \/><\/figure>\n\n\n\n<p class=\"has-text-align-center has-large-font-size\" style=\"font-style:normal;font-weight:600\"><strong>Ley 875 de Transparencia y Acceso a la Informaci\u00f3n P\u00fablica para el Estado de Veracruz de Ignacio de la Llave.<\/strong><\/p>\n\n\n\n<p><a href=\"https:\/\/www.panver.mx\/web\/transparencia-estatal\/obligaciones-de-transparencia\/ejercicio-2024\/articulo-15\/\">Art\u00edculo 15. Los sujetos obligados deber\u00e1n publicar y mantener actualizada la informaci\u00f3n p\u00fablica, de conformidad con los lineamientos que para el caso expida el Sistema Nacional, al inicio de cada a\u00f1o o dentro de los siguientes diez d\u00edas naturales a que surja alguna modificaci\u00f3n, de acuerdo con sus atribuciones y a disposici\u00f3n de cualquier interesado, conforme&nbsp;a&nbsp;lo&nbsp;siguiente:<\/a><\/p>\n\n\n\n<p><a href=\"https:\/\/www.panver.mx\/web\/transparencia-estatal\/obligaciones-de-transparencia\/ejercicio-2024\/articulo-21\/\">Art\u00edculo 21. Adem\u00e1s de lo se\u00f1alado en el art\u00edculo 15 de la presente Ley, los partidos pol\u00edticos, las asociaciones pol\u00edticas y las personas morales constituidas en asociaci\u00f3n civil creadas por los ciudadanos que pretendan postular su candidatura independiente, seg\u00fan corresponda, deber\u00e1n poner a disposici\u00f3n del p\u00fablico y actualizar la siguiente&nbsp;informaci\u00f3n:<\/a><\/p>\n\n\n\n<p><\/p>\n","protected":false},"excerpt":{"rendered":"<p>Ley 875 de Transparencia y Acceso a la Informaci\u00f3n P\u00fablica para el Estado de Veracruz de Ignacio de la Llave. Art\u00edculo 15. Los sujetos obligados deber\u00e1n publicar y mantener actualizada la informaci\u00f3n p\u00fablica, de&#46;&#46;&#46;<\/p>\n","protected":false},"author":1,"featured_media":0,"parent":1045,"menu_order":0,"comment_status":"closed","ping_status":"closed","template":"","meta":{"footnotes":""},"class_list":["post-1051","page","type-page","status-publish","hentry"],"yoast_head":"<!-- This site is optimized with the Yoast SEO plugin v26.5 - https:\/\/yoast.com\/wordpress\/plugins\/seo\/ -->\n<title>Ejercicio 2024 - PAN Veracruz<\/title>\n<meta name=\"robots\" content=\"index, follow, max-snippet:-1, max-image-preview:large, max-video-preview:-1\" \/>\n<link rel=\"canonical\" href=\"https:\/\/www.panver.mx\/web\/transparencia-estatal\/obligaciones-de-transparencia\/ejercicio-2024\/\" \/>\n<meta property=\"og:locale\" content=\"es_MX\" \/>\n<meta property=\"og:type\" content=\"article\" \/>\n<meta property=\"og:title\" content=\"Ejercicio 2024 - PAN Veracruz\" \/>\n<meta property=\"og:description\" content=\"Ley 875 de Transparencia y Acceso a la Informaci\u00f3n P\u00fablica para el Estado de Veracruz de Ignacio de la Llave. Art\u00edculo 15. Los sujetos obligados deber\u00e1n publicar y mantener actualizada la informaci\u00f3n p\u00fablica, de&#046;&#046;&#046;\" \/>\n<meta property=\"og:url\" content=\"https:\/\/www.panver.mx\/web\/transparencia-estatal\/obligaciones-de-transparencia\/ejercicio-2024\/\" \/>\n<meta property=\"og:site_name\" content=\"PAN Veracruz\" \/>\n<meta property=\"article:modified_time\" content=\"2024-10-14T23:42:11+00:00\" \/>\n<meta property=\"og:image\" content=\"https:\/\/www.panver.mx\/web\/wp-content\/uploads\/2024\/10\/Imagen-de-WhatsApp-2024-10-14-a-las-17.37.48_7b09c48a-1-1024x207.jpg\" \/>\n<meta name=\"twitter:card\" content=\"summary_large_image\" \/>\n<meta name=\"twitter:label1\" content=\"Tiempo de lectura\" \/>\n\t<meta name=\"twitter:data1\" content=\"1 minuto\" \/>\n<script type=\"application\/ld+json\" class=\"yoast-schema-graph\">{\"@context\":\"https:\/\/schema.org\",\"@graph\":[{\"@type\":\"WebPage\",\"@id\":\"https:\/\/www.panver.mx\/web\/transparencia-estatal\/obligaciones-de-transparencia\/ejercicio-2024\/\",\"url\":\"https:\/\/www.panver.mx\/web\/transparencia-estatal\/obligaciones-de-transparencia\/ejercicio-2024\/\",\"name\":\"Ejercicio 2024 - PAN Veracruz\",\"isPartOf\":{\"@id\":\"https:\/\/www.panver.mx\/web\/#website\"},\"primaryImageOfPage\":{\"@id\":\"https:\/\/www.panver.mx\/web\/transparencia-estatal\/obligaciones-de-transparencia\/ejercicio-2024\/#primaryimage\"},\"image\":{\"@id\":\"https:\/\/www.panver.mx\/web\/transparencia-estatal\/obligaciones-de-transparencia\/ejercicio-2024\/#primaryimage\"},\"thumbnailUrl\":\"https:\/\/www.panver.mx\/web\/wp-content\/uploads\/2024\/10\/Imagen-de-WhatsApp-2024-10-14-a-las-17.37.48_7b09c48a-1-1024x207.jpg\",\"datePublished\":\"2024-10-14T19:59:54+00:00\",\"dateModified\":\"2024-10-14T23:42:11+00:00\",\"breadcrumb\":{\"@id\":\"https:\/\/www.panver.mx\/web\/transparencia-estatal\/obligaciones-de-transparencia\/ejercicio-2024\/#breadcrumb\"},\"inLanguage\":\"es\",\"potentialAction\":[{\"@type\":\"ReadAction\",\"target\":[\"https:\/\/www.panver.mx\/web\/transparencia-estatal\/obligaciones-de-transparencia\/ejercicio-2024\/\"]}]},{\"@type\":\"ImageObject\",\"inLanguage\":\"es\",\"@id\":\"https:\/\/www.panver.mx\/web\/transparencia-estatal\/obligaciones-de-transparencia\/ejercicio-2024\/#primaryimage\",\"url\":\"https:\/\/www.panver.mx\/web\/wp-content\/uploads\/2024\/10\/Imagen-de-WhatsApp-2024-10-14-a-las-17.37.48_7b09c48a-1.jpg\",\"contentUrl\":\"https:\/\/www.panver.mx\/web\/wp-content\/uploads\/2024\/10\/Imagen-de-WhatsApp-2024-10-14-a-las-17.37.48_7b09c48a-1.jpg\",\"width\":1280,\"height\":259},{\"@type\":\"BreadcrumbList\",\"@id\":\"https:\/\/www.panver.mx\/web\/transparencia-estatal\/obligaciones-de-transparencia\/ejercicio-2024\/#breadcrumb\",\"itemListElement\":[{\"@type\":\"ListItem\",\"position\":1,\"name\":\"Inicio\",\"item\":\"https:\/\/www.panver.mx\/web\/\"},{\"@type\":\"ListItem\",\"position\":2,\"name\":\"Transparencia Estatal\",\"item\":\"https:\/\/www.panver.mx\/web\/transparencia-estatal\/\"},{\"@type\":\"ListItem\",\"position\":3,\"name\":\"Obligaciones de Transparencia\",\"item\":\"https:\/\/www.panver.mx\/web\/transparencia-estatal\/obligaciones-de-transparencia\/\"},{\"@type\":\"ListItem\",\"position\":4,\"name\":\"Ejercicio 2024\"}]},{\"@type\":\"WebSite\",\"@id\":\"https:\/\/www.panver.mx\/web\/#website\",\"url\":\"https:\/\/www.panver.mx\/web\/\",\"name\":\"PAN Veracruz\",\"description\":\"Sitio del Comit\u00e9 Directivo Estatal del Partido Acci\u00f3n Nacional en Veracruz\",\"publisher\":{\"@id\":\"https:\/\/www.panver.mx\/web\/#organization\"},\"potentialAction\":[{\"@type\":\"SearchAction\",\"target\":{\"@type\":\"EntryPoint\",\"urlTemplate\":\"https:\/\/www.panver.mx\/web\/?s={search_term_string}\"},\"query-input\":{\"@type\":\"PropertyValueSpecification\",\"valueRequired\":true,\"valueName\":\"search_term_string\"}}],\"inLanguage\":\"es\"},{\"@type\":\"Organization\",\"@id\":\"https:\/\/www.panver.mx\/web\/#organization\",\"name\":\"PAN Veracruz\",\"url\":\"https:\/\/www.panver.mx\/web\/\",\"logo\":{\"@type\":\"ImageObject\",\"inLanguage\":\"es\",\"@id\":\"https:\/\/www.panver.mx\/web\/#\/schema\/logo\/image\/\",\"url\":\"https:\/\/www.panver.mx\/web\/wp-content\/uploads\/2022\/12\/logocabecera.png\",\"contentUrl\":\"https:\/\/www.panver.mx\/web\/wp-content\/uploads\/2022\/12\/logocabecera.png\",\"width\":409,\"height\":200,\"caption\":\"PAN Veracruz\"},\"image\":{\"@id\":\"https:\/\/www.panver.mx\/web\/#\/schema\/logo\/image\/\"}}]}<\/script>\n<!-- \/ Yoast SEO plugin. -->","yoast_head_json":{"title":"Ejercicio 2024 - PAN Veracruz","robots":{"index":"index","follow":"follow","max-snippet":"max-snippet:-1","max-image-preview":"max-image-preview:large","max-video-preview":"max-video-preview:-1"},"canonical":"https:\/\/www.panver.mx\/web\/transparencia-estatal\/obligaciones-de-transparencia\/ejercicio-2024\/","og_locale":"es_MX","og_type":"article","og_title":"Ejercicio 2024 - PAN Veracruz","og_description":"Ley 875 de Transparencia y Acceso a la Informaci\u00f3n P\u00fablica para el Estado de Veracruz de Ignacio de la Llave. Art\u00edculo 15. Los sujetos obligados deber\u00e1n publicar y mantener actualizada la informaci\u00f3n p\u00fablica, de&#46;&#46;&#46;","og_url":"https:\/\/www.panver.mx\/web\/transparencia-estatal\/obligaciones-de-transparencia\/ejercicio-2024\/","og_site_name":"PAN Veracruz","article_modified_time":"2024-10-14T23:42:11+00:00","og_image":[{"url":"https:\/\/www.panver.mx\/web\/wp-content\/uploads\/2024\/10\/Imagen-de-WhatsApp-2024-10-14-a-las-17.37.48_7b09c48a-1-1024x207.jpg","type":"","width":"","height":""}],"twitter_card":"summary_large_image","twitter_misc":{"Tiempo de lectura":"1 minuto"},"schema":{"@context":"https:\/\/schema.org","@graph":[{"@type":"WebPage","@id":"https:\/\/www.panver.mx\/web\/transparencia-estatal\/obligaciones-de-transparencia\/ejercicio-2024\/","url":"https:\/\/www.panver.mx\/web\/transparencia-estatal\/obligaciones-de-transparencia\/ejercicio-2024\/","name":"Ejercicio 2024 - PAN Veracruz","isPartOf":{"@id":"https:\/\/www.panver.mx\/web\/#website"},"primaryImageOfPage":{"@id":"https:\/\/www.panver.mx\/web\/transparencia-estatal\/obligaciones-de-transparencia\/ejercicio-2024\/#primaryimage"},"image":{"@id":"https:\/\/www.panver.mx\/web\/transparencia-estatal\/obligaciones-de-transparencia\/ejercicio-2024\/#primaryimage"},"thumbnailUrl":"https:\/\/www.panver.mx\/web\/wp-content\/uploads\/2024\/10\/Imagen-de-WhatsApp-2024-10-14-a-las-17.37.48_7b09c48a-1-1024x207.jpg","datePublished":"2024-10-14T19:59:54+00:00","dateModified":"2024-10-14T23:42:11+00:00","breadcrumb":{"@id":"https:\/\/www.panver.mx\/web\/transparencia-estatal\/obligaciones-de-transparencia\/ejercicio-2024\/#breadcrumb"},"inLanguage":"es","potentialAction":[{"@type":"ReadAction","target":["https:\/\/www.panver.mx\/web\/transparencia-estatal\/obligaciones-de-transparencia\/ejercicio-2024\/"]}]},{"@type":"ImageObject","inLanguage":"es","@id":"https:\/\/www.panver.mx\/web\/transparencia-estatal\/obligaciones-de-transparencia\/ejercicio-2024\/#primaryimage","url":"https:\/\/www.panver.mx\/web\/wp-content\/uploads\/2024\/10\/Imagen-de-WhatsApp-2024-10-14-a-las-17.37.48_7b09c48a-1.jpg","contentUrl":"https:\/\/www.panver.mx\/web\/wp-content\/uploads\/2024\/10\/Imagen-de-WhatsApp-2024-10-14-a-las-17.37.48_7b09c48a-1.jpg","width":1280,"height":259},{"@type":"BreadcrumbList","@id":"https:\/\/www.panver.mx\/web\/transparencia-estatal\/obligaciones-de-transparencia\/ejercicio-2024\/#breadcrumb","itemListElement":[{"@type":"ListItem","position":1,"name":"Inicio","item":"https:\/\/www.panver.mx\/web\/"},{"@type":"ListItem","position":2,"name":"Transparencia Estatal","item":"https:\/\/www.panver.mx\/web\/transparencia-estatal\/"},{"@type":"ListItem","position":3,"name":"Obligaciones de Transparencia","item":"https:\/\/www.panver.mx\/web\/transparencia-estatal\/obligaciones-de-transparencia\/"},{"@type":"ListItem","position":4,"name":"Ejercicio 2024"}]},{"@type":"WebSite","@id":"https:\/\/www.panver.mx\/web\/#website","url":"https:\/\/www.panver.mx\/web\/","name":"PAN Veracruz","description":"Sitio del Comit\u00e9 Directivo Estatal del Partido Acci\u00f3n Nacional en Veracruz","publisher":{"@id":"https:\/\/www.panver.mx\/web\/#organization"},"potentialAction":[{"@type":"SearchAction","target":{"@type":"EntryPoint","urlTemplate":"https:\/\/www.panver.mx\/web\/?s={search_term_string}"},"query-input":{"@type":"PropertyValueSpecification","valueRequired":true,"valueName":"search_term_string"}}],"inLanguage":"es"},{"@type":"Organization","@id":"https:\/\/www.panver.mx\/web\/#organization","name":"PAN Veracruz","url":"https:\/\/www.panver.mx\/web\/","logo":{"@type":"ImageObject","inLanguage":"es","@id":"https:\/\/www.panver.mx\/web\/#\/schema\/logo\/image\/","url":"https:\/\/www.panver.mx\/web\/wp-content\/uploads\/2022\/12\/logocabecera.png","contentUrl":"https:\/\/www.panver.mx\/web\/wp-content\/uploads\/2022\/12\/logocabecera.png","width":409,"height":200,"caption":"PAN Veracruz"},"image":{"@id":"https:\/\/www.panver.mx\/web\/#\/schema\/logo\/image\/"}}]}},"_links":{"self":[{"href":"https:\/\/www.panver.mx\/web\/wp-json\/wp\/v2\/pages\/1051","targetHints":{"allow":["GET"]}}],"collection":[{"href":"https:\/\/www.panver.mx\/web\/wp-json\/wp\/v2\/pages"}],"about":[{"href":"https:\/\/www.panver.mx\/web\/wp-json\/wp\/v2\/types\/page"}],"author":[{"embeddable":true,"href":"https:\/\/www.panver.mx\/web\/wp-json\/wp\/v2\/users\/1"}],"replies":[{"embeddable":true,"href":"https:\/\/www.panver.mx\/web\/wp-json\/wp\/v2\/comments?post=1051"}],"version-history":[{"count":10,"href":"https:\/\/www.panver.mx\/web\/wp-json\/wp\/v2\/pages\/1051\/revisions"}],"predecessor-version":[{"id":1077,"href":"https:\/\/www.panver.mx\/web\/wp-json\/wp\/v2\/pages\/1051\/revisions\/1077"}],"up":[{"embeddable":true,"href":"https:\/\/www.panver.mx\/web\/wp-json\/wp\/v2\/pages\/1045"}],"wp:attachment":[{"href":"https:\/\/www.panver.mx\/web\/wp-json\/wp\/v2\/media?parent=1051"}],"curies":[{"name":"wp","href":"https:\/\/api.w.org\/{rel}","templated":true}]}}